{"id":1310,"date":"2019-11-07T12:59:26","date_gmt":"2019-11-07T12:59:26","guid":{"rendered":"http:\/\/oxfordbrazilebm.com\/?page_id=1310"},"modified":"2019-11-15T17:54:24","modified_gmt":"2019-11-15T17:54:24","slug":"vies-de-admissao","status":"publish","type":"page","link":"https:\/\/oxfordbrazilebm.com\/index.php\/vies-de-admissao\/","title":{"rendered":"Vi\u00e9s de admiss\u00e3o"},"content":{"rendered":"<div class=\"wpb-content-wrapper\"><p>[vc_row bg_type=&#8221;bg_color&#8221; css=&#8221;.vc_custom_1572747881603{padding-top: 10px !important;padding-bottom: 10px !important;}&#8221; bg_color_value=&#8221;#f7f7f7&#8243;][vc_column width=&#8221;1\/3&#8243;][vc_column_text]<strong>Nome original do vi\u00e9s: <\/strong>Admission rate bias[\/vc_column_text][\/vc_column][vc_column width=&#8221;1\/3&#8243;][vc_column_text]<strong>Tradutor: <\/strong>Regis Vieira<\/p>\n<p><strong>Primeiro revisor: <\/strong>Rachel Riera[\/vc_column_text][\/vc_column][\/vc_row][vc_row][vc_column]<div class=\"ult-spacer spacer-69f0c0b061a5b\" data-id=\"69f0c0b061a5b\" data-height=\"30\" data-height-mobile=\"30\" data-height-tab=\"30\" data-height-tab-portrait=\"\" data-height-mobile-landscape=\"\" style=\"clear:both;display:block;\"><\/div>[vc_separator]<div class=\"ult-spacer spacer-69f0c0b061a92\" data-id=\"69f0c0b061a92\" data-height=\"30\" data-height-mobile=\"30\" data-height-tab=\"30\" data-height-tab-portrait=\"\" data-height-mobile-landscape=\"\" style=\"clear:both;display:block;\"><\/div>[\/vc_column][\/vc_row][vc_row][vc_column][vc_column_text]<\/p>\n<p style=\"text-align: justify;\">Surge quando as vari\u00e1veis em estudos s\u00e3o afetadas pela sele\u00e7\u00e3o de indiv\u00edduos hospitalizados levando a um vi\u00e9s entre a exposi\u00e7\u00e3o e a doen\u00e7a em estudo<\/p>\n<p style=\"text-align: justify;\"><strong>Introdu\u00e7\u00e3o<\/strong><\/p>\n<p style=\"text-align: justify;\">A combina\u00e7\u00e3o entre exposi\u00e7\u00e3o a um risco e ocorr\u00eancia de doen\u00e7a torna mais prov\u00e1vel que um indiv\u00edduo seja admitido no hospital. Em um estudo caso-controle os pacientes hospitalizados apresentam maior risco de exposi\u00e7\u00e3o ou desenvolvimento da doen\u00e7a do que a popula\u00e7\u00e3o em geral. Isso pode afetar as estimativas da associa\u00e7\u00e3o entre a exposi\u00e7\u00e3o e a doen\u00e7a.<\/p>\n<p style=\"text-align: justify;\">Vi\u00e9s de admiss\u00e3o \u00e9 tamb\u00e9m conhecido como vi\u00e9s de Berkson (<a href=\"https:\/\/www.ncbi.nlm.nih.gov\/pubmed\/21001024\">Berkson 1946<\/a>). Sua pesquisa original envolveu um estudo retrospectivo examinando fatores de risco para doen\u00e7as em popula\u00e7\u00e3o de pacientes internados. A escolha de Berkson por pacientes internados resultou em uma falsa associa\u00e7\u00e3o entre a doen\u00e7a e os fatores de risco.<\/p>\n<p style=\"text-align: justify;\"><strong>\u00a0<\/strong><\/p>\n<p style=\"text-align: justify;\"><strong>Exemplos<\/strong><\/p>\n<p style=\"text-align: justify;\">Berkson descreveu a poss\u00edvel associa\u00e7\u00e3o entre doen\u00e7a da ves\u00edcula biliar (como uma poss\u00edvel causa) e diabetes. Como o estudo envolveu participantes que frequentavam uma cl\u00ednica, cujo atendimento foi afetado tanto pela doen\u00e7a da ves\u00edcula biliar quanto pelo diabetes, isso influenciou a associa\u00e7\u00e3o entre doen\u00e7a da ves\u00edcula biliar e diabetes (Berkson 1946).<\/p>\n<p style=\"text-align: justify;\">Em um exemplo mais recente, os pesquisadores analisaram a press\u00e3o arterial sist\u00eamica de pessoas que frequentam uma cl\u00ednica devido a crises recorrentes de enxaqueca ou cefaleia e observaram uma preval\u00eancia de press\u00e3o alta de aproximadamente 38%; enquanto essa preval\u00eancia era de\u00a0 11% na popula\u00e7\u00e3o geral. Eles sugeriram que aqueles que frequentam uma cl\u00ednica provavelmente t\u00eam mais associa\u00e7\u00f5es entre as duas condi\u00e7\u00f5es do que a popula\u00e7\u00e3o geral (Prudenzano et al. 2005).<\/p>\n<p style=\"text-align: justify;\">Sackett (1979) testou o vi\u00e9s de Berkson por meio de entrevistas em amostras rand\u00f4micas da popula\u00e7\u00e3o geral para determinar a associ\u00e7\u00e3o entre\u00a0 doen\u00e7a respirat\u00f3ria e doen\u00e7a locomotora. Ele ent\u00e3o avaliou a mesma associa\u00e7\u00e3o entres os participantes da amostra que haviam sido hospitalizados nos \u00faltimos seis meses. Os resultados est\u00e3o na tabela a seguir.<\/p>\n<p style=\"text-align: justify;\"><strong>\u00a0<\/strong><\/p>\n<p style=\"text-align: justify;\"><strong>Tabela. <\/strong>Associa\u00e7\u00e3o entre doen\u00e7as respirat\u00f3ria e locomotora<\/p>\n<table width=\"610\">\n<tbody>\n<tr>\n<td colspan=\"2\" width=\"179\"><strong>\u00a0<\/strong><\/td>\n<td colspan=\"3\" width=\"199\"><strong>Popula\u00e7\u00e3o geral<\/strong><\/td>\n<td colspan=\"3\" width=\"232\"><strong>Subpopula\u00e7\u00e3o que esteve internada nos \u00faltimos 6 meses.<\/strong><\/td>\n<\/tr>\n<tr>\n<td colspan=\"2\" width=\"179\"><strong>\u00a0<\/strong><\/td>\n<td colspan=\"3\" width=\"199\"><strong>Doen\u00e7a locomotora<\/strong><\/td>\n<td colspan=\"3\" width=\"232\"><strong>Doen\u00e7a locomotora<\/strong><\/td>\n<\/tr>\n<tr>\n<td colspan=\"2\" width=\"179\"><strong>\u00a0<\/strong><\/td>\n<td width=\"79\">Sim<\/td>\n<td width=\"54\">N\u00e3o<\/td>\n<td width=\"66\">Total<\/td>\n<td width=\"86\">Sim<\/td>\n<td width=\"72\">N\u00e3o<\/td>\n<td width=\"74\">Total<\/td>\n<\/tr>\n<tr>\n<td rowspan=\"4\" width=\"95\"><strong>Doen\u00e7a respirat\u00f3ria<\/strong><\/p>\n<p><strong>\u00a0<\/strong><\/p>\n<p><strong>\u00a0<\/strong><\/td>\n<td width=\"84\">Sim<\/td>\n<td width=\"79\">17<\/td>\n<td width=\"54\">207<\/td>\n<td width=\"66\">224<\/td>\n<td width=\"86\">5<\/td>\n<td width=\"72\">15<\/td>\n<td width=\"74\">20<\/td>\n<\/tr>\n<tr>\n<td width=\"84\">N\u00e3o<\/td>\n<td width=\"79\">184<\/td>\n<td width=\"54\">2376<\/td>\n<td width=\"66\">2560<\/td>\n<td width=\"86\">18<\/td>\n<td width=\"72\">219<\/td>\n<td width=\"74\">237<\/td>\n<\/tr>\n<tr>\n<td width=\"84\">Total<\/td>\n<td width=\"79\">201<\/td>\n<td width=\"54\">2583<\/td>\n<td width=\"66\">2784<\/td>\n<td width=\"86\">23<\/td>\n<td width=\"72\">234<\/td>\n<td width=\"74\">257<\/td>\n<\/tr>\n<tr>\n<td colspan=\"4\" width=\"284\"><strong>Raz\u00e3o de chances = 1,06<\/strong><\/td>\n<td colspan=\"3\" width=\"232\"><strong>Raz\u00e3o de chances = \u00a04,06<\/strong><\/td>\n<\/tr>\n<\/tbody>\n<\/table>\n<p style=\"text-align: justify;\"><em>*adaptado de Roberts el al. [3]<\/em><\/p>\n<p style=\"text-align: justify;\">Na subpopula\u00e7\u00e3o \u2018hospitalar\u2019, pacientes com doen\u00e7a respirat\u00f3ria s\u00e3o muito mais propensos a sofrer de doen\u00e7a locomotora (chance = 4,06). Podemos concluir (incorretamente) que existe associa\u00e7\u00e3o entre essas duas doen\u00e7as.<\/p>\n<p style=\"text-align: justify;\">Na popula\u00e7\u00e3o em geral, n\u00e3o h\u00e1 associa\u00e7\u00e3o entre as duas doen\u00e7as (chance = 1,06) &#8211; a conclus\u00e3o correta. A conclus\u00e3o incorreta surge porque as pessoas que t\u00eam ambas as doen\u00e7as s\u00e3o mais propensas a serem hospitalizadas.<\/p>\n<p style=\"text-align: justify;\"><strong>\u00a0<\/strong><\/p>\n<p style=\"text-align: justify;\"><strong>Impacto<\/strong><\/p>\n<p style=\"text-align: justify;\">O artigo de Sackett 1979 aponta que as raz\u00f5es de chances podem ser falsamente aumentadas ou reduzidas pela presen\u00e7a de vi\u00e9s de admiss\u00e3o. H\u00e1 evid\u00eancias de que ter mal\u00e1ria aumenta as chances de infec\u00e7\u00e3o por salmonela n\u00e3o tifoide. Pesquisadores que analisaram esta associa\u00e7\u00e3o suspeitaram que o vi\u00e9s de Berkson teria um impacto e que, como resultado, estudos caso-controle sobre esta associa\u00e7\u00e3o entre pacientes hospitalizados poderiam produzir resultados tendenciosos.<\/p>\n<p style=\"text-align: justify;\">Os pesquisadores fizeram dois estudos caso-controle usando dois m\u00e9todos diferentes de sele\u00e7\u00e3o de controles (Krumkamp 2016). No primeiro estudo, crian\u00e7as com infec\u00e7\u00e3o por salmonela foram classificadas como casos, enquanto os controles n\u00e3o tinham infec\u00e7\u00e3o.\u00a0 Uma associa\u00e7\u00e3o protetora entre mal\u00e1ria e infec\u00e7\u00e3o por salmonela foi encontrada (raz\u00e3o de chances = 0,4). No segundo estudo, as crian\u00e7as com teste positivo para salmonela foram os casos, enquanto crian\u00e7as com outro tipo de infec\u00e7\u00e3o bacteriana (n\u00e3o salmonela) foram os controles. Neste estudo, a mal\u00e1ria foi um fator de risco para infec\u00e7\u00e3o por salmonela (raz\u00e3o de chances = 1,9). Nesse exemplo, tanto a \u201cexposi\u00e7\u00e3o\u201d \u00e0 mal\u00e1ria quanto o \u201cresultado\u201d da infec\u00e7\u00e3o por salmonela foram fatores que levaram as pessoas a comparecerem ao hospital, afetando a rela\u00e7\u00e3o entre esses dois desfechos. O vi\u00e9s de Berkson fez com que o resultado fosse inverso nos dois estudos. .<\/p>\n<p style=\"text-align: justify;\">Em outro exemplo, os pesquisadores analisaram os fatores de risco para c\u00e2ncer de bexiga, cujo risco \u00e9 aumentado pelo tabagismo (Sadetzki 2003). Por meio de um estudo caso-controle baseado em registro hospitalar, os autores encontraram muito pouca associa\u00e7\u00e3o entre tabagismo e c\u00e2ncer de bexiga; no entanto, olhando novamente, eles observaram que as taxas de tabagismo eram muito mais altas em sua amostra do que na popula\u00e7\u00e3o geral, tanto para os casos quanto para os controles. Isso pode ter distorcido a natureza da rela\u00e7\u00e3o entre tabagismo e c\u00e2ncer de bexiga.<\/p>\n<p style=\"text-align: justify;\"><strong>\u00a0<\/strong><\/p>\n<p style=\"text-align: justify;\"><strong>Passos para preven\u00e7\u00e3o<\/strong><\/p>\n<p style=\"text-align: justify;\">A sele\u00e7\u00e3o de controles apropriados em um estudo caso-controle \u00e9 fundamental para obter a melhor informa\u00e7\u00e3o poss\u00edvel, e o vi\u00e9s de Berkson deve ser considerado e planos devem ser feitos para evit\u00e1-lo sempre que poss\u00edvel. Para estudos usando dados de casos hospitalizados, pode ser prefer\u00edvel usar controles que tamb\u00e9m estejam no hospital, mas usar controles da popula\u00e7\u00e3o em geral \u00e9 melhor, para evitar o vi\u00e9s de Berkson.<\/p>\n<p style=\"text-align: justify;\">O vi\u00e9s indireto de Berkson (associa\u00e7\u00f5es de exposi\u00e7\u00e3o-doen\u00e7a que surgem porque outra doen\u00e7a est\u00e1 associada \u00e0 exposi\u00e7\u00e3o em estudo) \u00e9 atenuado quando \u00a0s\u00e3o considerados os casos incidentes (ou seja, n\u00e3o casos prevalentes e j\u00e1 existentes). Tamb\u00e9m pode ser evitado excluindo pacientes que foram hospitalizados por causa de outra doen\u00e7a.<\/p>\n<p style=\"text-align: justify;\">Quando se sabe que uma associa\u00e7\u00e3o entre uma exposi\u00e7\u00e3o e um desfecho afeta a sele\u00e7\u00e3o de casos e controles em um estudo (por exemplo, em um ambiente hospitalar), \u00e9 prefer\u00edvel ajustar a an\u00e1lise para tentar lidar com esse vi\u00e9s.<\/p>\n<p>[\/vc_column_text][\/vc_column][\/vc_row][vc_row][vc_column]<div class=\"ult-spacer spacer-69f0c0b061aaf\" data-id=\"69f0c0b061aaf\" data-height=\"30\" data-height-mobile=\"30\" data-height-tab=\"30\" data-height-tab-portrait=\"\" data-height-mobile-landscape=\"\" style=\"clear:both;display:block;\"><\/div>[vc_separator]<div class=\"ult-spacer spacer-69f0c0b061aca\" data-id=\"69f0c0b061aca\" data-height=\"30\" data-height-mobile=\"30\" data-height-tab=\"30\" data-height-tab-portrait=\"\" data-height-mobile-landscape=\"\" style=\"clear:both;display:block;\"><\/div>[\/vc_column][\/vc_row][vc_row bg_type=&#8221;bg_color&#8221; bg_color_value=&#8221;#f7f7f7&#8243; css=&#8221;.vc_custom_1572747847655{padding-top: 20px !important;padding-bottom: 20px !important;}&#8221;][vc_column][vc_column_text]<strong>Link para o original: <\/strong><a href=\"https:\/\/catalogofbias.org\/biases\/admission-rate-bias\/\">https:\/\/catalogofbias.org\/biases\/admission-rate-bias\/<\/a><\/p>\n<p><strong>\u00a0<\/strong><\/p>\n<p><strong>Deve ser citado como: <\/strong>Catalogue of Bias Collaboration. Spencer EA, Aronson JK, Nunan D, Heneghan\u00a0C.\u00a0<strong>Berkson\u2019s bias.<\/strong> In: Catalogue Of Bias 2018: <a href=\"http:\/\/www.catalogueofbiases.org\/biases\/admission-rate-berkson-bias\">www.catalogueofbiases.org\/biases\/admission-rate-berkson-bias<\/a><\/p>\n<p><strong>\u00a0<\/strong><\/p>\n<p><strong>Fontes<\/strong><\/p>\n<p>Berkson J. <a href=\"https:\/\/www.ncbi.nlm.nih.gov\/pubmed\/21001024\">Limitations of the application of fourfold table analysis to hospital data<\/a>. Biometrics. 1946; 2(3): 47\u201353 [reprinted in Int J Epidemiol 2014; 43(2): 511-15].<\/p>\n<p>Krumkamp R, et al. <a href=\"https:\/\/www.ncbi.nlm.nih.gov\/pubmed\/26933027\">Association Between Malaria and Invasive Nontyphoidal Salmonella Infection in a Hospital Study: Accounting for Berkson\u2019s Bias.<\/a> Clin Infect Dis. 2016 Mar 15;62 Suppl 1:S83-9. doi: 10.1093\/cid\/civ950<\/p>\n<p>Porta M, et al. editors. <a href=\"http:\/\/irea.ir\/files\/site1\/pages\/dictionary.pdf\">A IVdictionary of epidemiology. 6th edition.<\/a> New York: Oxford University Press: 2014<\/p>\n<p>Prudenzano MP, et al. <a href=\"https:\/\/www.ncbi.nlm.nih.gov\/pubmed\/16362669\">The comorbidity of migraine and hypertension. A study in a tertiary care headache centre.<\/a> J Headache Pain. 2005 Sep;6(4):220-2.<\/p>\n<p>Sackett DL. <a href=\"http:\/\/www.jameslindlibrary.org\/sackett-dl-1979\/\">Bias in analytic research.<\/a> J Chron Dis 1979; 32: 51-63<\/p>\n<p>Sadetzki S, et al. <a href=\"https:\/\/www.ncbi.nlm.nih.gov\/pubmed\/14758869\">The limitations of using hospital controls in cancer etiology\u2013one more example for Berkson\u2019s bias.<\/a> Eur J Epidemiol. 2003;18(12):1127-31.<\/p>\n<p>&nbsp;<\/p>\n<p><strong>PubMed Feed<\/strong><\/p>\n<p>Esta fonte pode ser recuperada dinamicamente a partir do PubMed:<\/p>\n<p>Deffner V, K\u00fcchenhoff H, Breitner S, Schneider A, Cyrys J, Peters A. <a href=\"https:\/\/www.ncbi.nlm.nih.gov\/pubmed\/29532948?dopt=Abstract\">Mixtures of Berkson and classical covariate measurement error in the linear mixed model: Bias analysis and application to a study on ultrafine particles.<\/a>[\/vc_column_text][\/vc_column][\/vc_row]<\/p>\n<\/div>","protected":false},"excerpt":{"rendered":"<p>[vc_row bg_type=&#8221;bg_color&#8221; css=&#8221;.vc_custom_1572747881603{padding-top: 10px !important;padding-bottom: 10px !important;}&#8221; bg_color_value=&#8221;#f7f7f7&#8243;][vc_column width=&#8221;1\/3&#8243;][vc_column_text]Nome original do vi\u00e9s: Admission rate bias[\/vc_column_text][\/vc_column][vc_column width=&#8221;1\/3&#8243;][vc_column_text]Tradutor: Regis Vieira Primeiro revisor: Rachel Riera[\/vc_column_text][\/vc_column][\/vc_row][vc_row][vc_column][vc_separator][\/vc_column][\/vc_row][vc_row][vc_column][vc_column_text] Surge quando as vari\u00e1veis em estudos s\u00e3o afetadas pela sele\u00e7\u00e3o de indiv\u00edduos hospitalizados levando a um vi\u00e9s entre a exposi\u00e7\u00e3o e a doen\u00e7a em estudo Introdu\u00e7\u00e3o A combina\u00e7\u00e3o entre exposi\u00e7\u00e3o a um risco&hellip;<\/p>\n","protected":false},"author":1,"featured_media":0,"parent":0,"menu_order":0,"comment_status":"closed","ping_status":"closed","template":"","meta":{"footnotes":""},"class_list":["post-1310","page","type-page","status-publish","hentry","description-off"],"_links":{"self":[{"href":"https:\/\/oxfordbrazilebm.com\/index.php\/wp-json\/wp\/v2\/pages\/1310","targetHints":{"allow":["GET"]}}],"collection":[{"href":"https:\/\/oxfordbrazilebm.com\/index.php\/wp-json\/wp\/v2\/pages"}],"about":[{"href":"https:\/\/oxfordbrazilebm.com\/index.php\/wp-json\/wp\/v2\/types\/page"}],"author":[{"embeddable":true,"href":"https:\/\/oxfordbrazilebm.com\/index.php\/wp-json\/wp\/v2\/users\/1"}],"replies":[{"embeddable":true,"href":"https:\/\/oxfordbrazilebm.com\/index.php\/wp-json\/wp\/v2\/comments?post=1310"}],"version-history":[{"count":4,"href":"https:\/\/oxfordbrazilebm.com\/index.php\/wp-json\/wp\/v2\/pages\/1310\/revisions"}],"predecessor-version":[{"id":1470,"href":"https:\/\/oxfordbrazilebm.com\/index.php\/wp-json\/wp\/v2\/pages\/1310\/revisions\/1470"}],"wp:attachment":[{"href":"https:\/\/oxfordbrazilebm.com\/index.php\/wp-json\/wp\/v2\/media?parent=1310"}],"curies":[{"name":"wp","href":"https:\/\/api.w.org\/{rel}","templated":true}]}}