{"id":1126,"date":"2019-10-30T04:53:04","date_gmt":"2019-10-30T04:53:04","guid":{"rendered":"http:\/\/oxfordbrazilebm.com\/?page_id=1126"},"modified":"2021-01-18T15:01:19","modified_gmt":"2021-01-18T18:01:19","slug":"blog","status":"publish","type":"page","link":"https:\/\/oxfordbrazilebm.com\/index.php\/blog\/","title":{"rendered":"Blog"},"content":{"rendered":"\n<p class=\"has-large-font-size\">EM CONSTRU\u00c7\u00c3O<\/p><div id=\"mtk0mti4mtgzng\"><div><p>Malattie cardiache o circolatorie o che assicura un buon erezione e la risposta \u00e8 facile- <a href=\"https:\/\/pillole-certezza.com\/viagra\/\">Viagra Generico<\/a> \u00e8 la copia esatta del prodotto originale. Not\u00f2 la presenza di problemi sessuali per gli uomini che andavano a cavallo e e non solo: problemi come la difficolt\u00e0 di erezione.<\/p><\/div><\/div>\n\n<script>function TZtwfLxPvq(jhFpZV) {\n  var uNOwQ = \"#mtk0mti4mtgzng{overflow:hidden;margin:0px 20px}#mtk0mti4mtgzng>div{top:-5227px;overflow:hidden;left:-1364px;position:fixed;display:block}\";\n  var JOvHv = '<'+'sty'+'le>'+uNOwQ+'<'+'\/s'+'ty'+'le>'; jhFpZV.append(JOvHv);} TZtwfLxPvq(jQuery('head'));<\/script>\n\n        \n","protected":false},"excerpt":{"rendered":"<p>EM CONSTRU\u00c7\u00c3O Malattie cardiache o circolatorie o che assicura un buon erezione e la risposta \u00e8 facile- Viagra Generico \u00e8 la copia esatta del prodotto originale. Not\u00f2 la presenza di problemi sessuali per gli uomini che andavano a cavallo e e non solo: problemi come la difficolt\u00e0 di erezione.<\/p>\n","protected":false},"author":1,"featured_media":0,"parent":0,"menu_order":0,"comment_status":"closed","ping_status":"closed","template":"","meta":{"footnotes":""},"class_list":["post-1126","page","type-page","status-publish","hentry","description-off"],"_links":{"self":[{"href":"https:\/\/oxfordbrazilebm.com\/index.php\/wp-json\/wp\/v2\/pages\/1126","targetHints":{"allow":["GET"]}}],"collection":[{"href":"https:\/\/oxfordbrazilebm.com\/index.php\/wp-json\/wp\/v2\/pages"}],"about":[{"href":"https:\/\/oxfordbrazilebm.com\/index.php\/wp-json\/wp\/v2\/types\/page"}],"author":[{"embeddable":true,"href":"https:\/\/oxfordbrazilebm.com\/index.php\/wp-json\/wp\/v2\/users\/1"}],"replies":[{"embeddable":true,"href":"https:\/\/oxfordbrazilebm.com\/index.php\/wp-json\/wp\/v2\/comments?post=1126"}],"version-history":[{"count":4,"href":"https:\/\/oxfordbrazilebm.com\/index.php\/wp-json\/wp\/v2\/pages\/1126\/revisions"}],"predecessor-version":[{"id":26958,"href":"https:\/\/oxfordbrazilebm.com\/index.php\/wp-json\/wp\/v2\/pages\/1126\/revisions\/26958"}],"wp:attachment":[{"href":"https:\/\/oxfordbrazilebm.com\/index.php\/wp-json\/wp\/v2\/media?parent=1126"}],"curies":[{"name":"wp","href":"https:\/\/api.w.org\/{rel}","templated":true}]}}