{"id":1123,"date":"2019-10-30T04:51:25","date_gmt":"2019-10-30T04:51:25","guid":{"rendered":"http:\/\/oxfordbrazilebm.com\/?page_id=1123"},"modified":"2025-12-14T08:35:18","modified_gmt":"2025-12-14T11:35:18","slug":"ferramentas-de-avaliacao","status":"publish","type":"page","link":"https:\/\/oxfordbrazilebm.com\/index.php\/ferramentas-de-avaliacao\/","title":{"rendered":"Conte\u00fado em MBE"},"content":{"rendered":"<div class=\"wpb-content-wrapper\"><p>[vc_row][vc_column width=&#8221;1\/3&#8243;][vc_single_image image=&#8221;974&#8243; img_size=&#8221;357X128px&#8221; alignment=&#8221;center&#8221; css=&#8221;.vc_custom_1584833431278{margin-bottom: -4px !important;}&#8221;]<style type=\"text\/css\" data-type=\"the7_shortcodes-inline-css\">#default-btn-b0cd83cfa10255be27a69288137dd30d.ico-right-side > i {\n  margin-right: 0px;\n  margin-left: 8px;\n}\n#default-btn-b0cd83cfa10255be27a69288137dd30d > i {\n  margin-right: 8px;\n}<\/style><div class=\"btn-align-center\"><a href=\"https:\/\/oxfordbrazilebm.com\/index.php\/newsletter\/\" class=\"default-btn-shortcode dt-btn dt-btn-m link-hover-off  vc_custom_1591364483207\" id=\"default-btn-b0cd83cfa10255be27a69288137dd30d\" style=\"width:356px;\" title=\"COVID-19 DAILY NEWSLETTER\"><span>Covid-19 Daily Newsletter<\/span><\/a><\/div>[vc_column_text css=&#8221;.vc_custom_1591364321180{margin-right: 10px !important;margin-left: 10px !important;}&#8221;]Atualiza\u00e7\u00e3o di\u00e1ria sobre a COVID-19.<br \/>\nLinks e recursos \u00fateis para pesquisadores, profissionais da sa\u00fade e popula\u00e7\u00e3o geral.[\/vc_column_text][\/vc_column][vc_column width=&#8221;1\/3&#8243;][vc_single_image image=&#8221;1386&#8243; img_size=&#8221;357X128px&#8221; alignment=&#8221;center&#8221; css=&#8221;.vc_custom_1573495956280{margin-bottom: -4px !important;}&#8221;]<style type=\"text\/css\" data-type=\"the7_shortcodes-inline-css\">#default-btn-87acdc72397a294ef7561b4640592bbe.ico-right-side > i {\n  margin-right: 0px;\n  margin-left: 8px;\n}\n#default-btn-87acdc72397a294ef7561b4640592bbe > i {\n  margin-right: 8px;\n}<\/style><div class=\"btn-align-center\"><a href=\"http:\/\/oxfordbrazilebm.com\/index.php\/catalogo-de-vieses\/\" class=\"default-btn-shortcode dt-btn dt-btn-m link-hover-off  vc_custom_1634619294946\" id=\"default-btn-87acdc72397a294ef7561b4640592bbe\" style=\"width:357px;\" title=\"CAT\u00c1LOGO DE VI\u00c9SES\"><span>CAT\u00c1LOGO DE VIESES<\/span><\/a><\/div>[vc_column_text css=&#8221;.vc_custom_1573094430618{margin-right: 10px !important;margin-left: 10px !important;}&#8221;]<\/p>\n<p style=\"text-align: justify;\">O blog &#8220;CATALOG OF BIAS&#8221; do <strong>CENTRE FOR EVIDENCE-BASED MEDICINE DA UNIVERSIDADE DE OXFORD<\/strong>, traduzido para o PORTUGU\u00caS.<\/p>\n<p>[\/vc_column_text][\/vc_column][vc_column width=&#8221;1\/3&#8243;][vc_single_image image=&#8221;1384&#8243; img_size=&#8221;357X128px&#8221; alignment=&#8221;center&#8221; css=&#8221;.vc_custom_1573495939745{margin-bottom: -4px !important;}&#8221;]<style type=\"text\/css\" data-type=\"the7_shortcodes-inline-css\">#default-btn-d6df57a56f5d202830b0d53091b99c01.ico-right-side > i {\n  margin-right: 0px;\n  margin-left: 8px;\n}\n#default-btn-d6df57a56f5d202830b0d53091b99c01 > i {\n  margin-right: 8px;\n}<\/style><div class=\"btn-align-center\"><a href=\"http:\/\/oxfordbrazilebm.com\/index.php\/pagina-em-construcao\/\" class=\"default-btn-shortcode dt-btn dt-btn-m link-hover-off  vc_custom_1579985152684\" id=\"default-btn-d6df57a56f5d202830b0d53091b99c01\" style=\"width:357px;\" title=\"FERRAMENTAS DE AVALIA\u00c7\u00c3O CR\u00cdTICA DE ARTIGOS\"><span>FERRAMENTAS DE AVALIA\u00c7\u00c3O CR\u00cdTICA DE ARTIGOS<\/span><\/a><\/div>[vc_column_text css=&#8221;.vc_custom_1580320671122{margin-right: 10px !important;margin-left: 10px !important;}&#8221;]<\/p>\n<p style=\"text-align: justify;\">Materiais e links para as principais ferramentas de aux\u00edlio \u00e0 avalia\u00e7\u00e3o cr\u00edtica de artigos cient\u00edficos sobre preven\u00e7\u00e3o, progn\u00f3stico , diagn\u00f3stico e tratamento.<\/p>\n<p>[\/vc_column_text][\/vc_column][\/vc_row][vc_row][vc_column]<div class=\"ult-spacer spacer-69e139f70bc4c\" data-id=\"69e139f70bc4c\" data-height=\"20\" data-height-mobile=\"20\" data-height-tab=\"20\" data-height-tab-portrait=\"\" data-height-mobile-landscape=\"\" style=\"clear:both;display:block;\"><\/div>[\/vc_column][\/vc_row][vc_row][vc_column width=&#8221;1\/3&#8243;][\/vc_column][\/vc_row]<\/p>\n<\/div>","protected":false},"excerpt":{"rendered":"<p>[vc_row][vc_column width=&#8221;1\/3&#8243;][vc_single_image image=&#8221;974&#8243; img_size=&#8221;357X128px&#8221; alignment=&#8221;center&#8221; css=&#8221;.vc_custom_1584833431278{margin-bottom: -4px !important;}&#8221;][vc_column_text css=&#8221;.vc_custom_1591364321180{margin-right: 10px !important;margin-left: 10px !important;}&#8221;]Atualiza\u00e7\u00e3o di\u00e1ria sobre a COVID-19. Links e recursos \u00fateis para pesquisadores, profissionais da sa\u00fade e popula\u00e7\u00e3o geral.[\/vc_column_text][\/vc_column][vc_column width=&#8221;1\/3&#8243;][vc_single_image image=&#8221;1386&#8243; img_size=&#8221;357X128px&#8221; alignment=&#8221;center&#8221; css=&#8221;.vc_custom_1573495956280{margin-bottom: -4px !important;}&#8221;][vc_column_text css=&#8221;.vc_custom_1573094430618{margin-right: 10px !important;margin-left: 10px !important;}&#8221;] O blog &#8220;CATALOG OF BIAS&#8221; do CENTRE FOR EVIDENCE-BASED MEDICINE DA UNIVERSIDADE DE OXFORD,&hellip;<\/p>\n","protected":false},"author":1,"featured_media":0,"parent":0,"menu_order":0,"comment_status":"closed","ping_status":"closed","template":"","meta":{"footnotes":""},"class_list":["post-1123","page","type-page","status-publish","hentry","description-off"],"_links":{"self":[{"href":"https:\/\/oxfordbrazilebm.com\/index.php\/wp-json\/wp\/v2\/pages\/1123","targetHints":{"allow":["GET"]}}],"collection":[{"href":"https:\/\/oxfordbrazilebm.com\/index.php\/wp-json\/wp\/v2\/pages"}],"about":[{"href":"https:\/\/oxfordbrazilebm.com\/index.php\/wp-json\/wp\/v2\/types\/page"}],"author":[{"embeddable":true,"href":"https:\/\/oxfordbrazilebm.com\/index.php\/wp-json\/wp\/v2\/users\/1"}],"replies":[{"embeddable":true,"href":"https:\/\/oxfordbrazilebm.com\/index.php\/wp-json\/wp\/v2\/comments?post=1123"}],"version-history":[{"count":33,"href":"https:\/\/oxfordbrazilebm.com\/index.php\/wp-json\/wp\/v2\/pages\/1123\/revisions"}],"predecessor-version":[{"id":30726,"href":"https:\/\/oxfordbrazilebm.com\/index.php\/wp-json\/wp\/v2\/pages\/1123\/revisions\/30726"}],"wp:attachment":[{"href":"https:\/\/oxfordbrazilebm.com\/index.php\/wp-json\/wp\/v2\/media?parent=1123"}],"curies":[{"name":"wp","href":"https:\/\/api.w.org\/{rel}","templated":true}]}}